{"id":56198,"date":"2026-01-19T13:35:57","date_gmt":"2026-01-19T12:35:57","guid":{"rendered":"https:\/\/villumsenloppefund.dk\/?post_type=product&#038;p=56198"},"modified":"2026-01-19T13:35:57","modified_gmt":"2026-01-19T12:35:57","slug":"12-stk-skeer-i-pletsoelv-2","status":"publish","type":"product","link":"https:\/\/villumsenloppefund.dk\/index.php\/product\/12-stk-skeer-i-pletsoelv-2\/","title":{"rendered":"12 stk skeer i plets\u00f8lv"},"content":{"rendered":"<p>12 stk skeer i plets\u00f8lv.<\/p>\n<p>L 16,5 cm.<\/p>\n<p>S\u00e6lges samlet, g\u00e5 til varen, for flere billeder.<\/p>\n<p>(Reol 16).<\/p>\n","protected":false},"excerpt":{"rendered":"<p>12 stk skeer i plets\u00f8lv. L 16,5 cm. S\u00e6lges samlet, g\u00e5 til varen, for flere billeder. (Reol 16).<\/p>\n","protected":false},"featured_media":56096,"template":"","meta":[],"product_brand":[],"product_cat":[292,133],"product_tag":[],"class_list":{"0":"post-56198","1":"product","2":"type-product","3":"status-publish","4":"has-post-thumbnail","6":"product_cat-diverse-pletsoelv","7":"product_cat-bestik","8":"product_shipping_class-mellem-pakke","10":"first","11":"instock","12":"sold-individually","13":"taxable","14":"shipping-taxable","15":"purchasable","16":"product-type-simple"},"_links":{"self":[{"href":"https:\/\/villumsenloppefund.dk\/index.php\/wp-json\/wp\/v2\/product\/56198","targetHints":{"allow":["GET"]}}],"collection":[{"href":"https:\/\/villumsenloppefund.dk\/index.php\/wp-json\/wp\/v2\/product"}],"about":[{"href":"https:\/\/villumsenloppefund.dk\/index.php\/wp-json\/wp\/v2\/types\/product"}],"wp:featuredmedia":[{"embeddable":true,"href":"https:\/\/villumsenloppefund.dk\/index.php\/wp-json\/wp\/v2\/media\/56096"}],"wp:attachment":[{"href":"https:\/\/villumsenloppefund.dk\/index.php\/wp-json\/wp\/v2\/media?parent=56198"}],"wp:term":[{"taxonomy":"product_brand","embeddable":true,"href":"https:\/\/villumsenloppefund.dk\/index.php\/wp-json\/wp\/v2\/product_brand?post=56198"},{"taxonomy":"product_cat","embeddable":true,"href":"https:\/\/villumsenloppefund.dk\/index.php\/wp-json\/wp\/v2\/product_cat?post=56198"},{"taxonomy":"product_tag","embeddable":true,"href":"https:\/\/villumsenloppefund.dk\/index.php\/wp-json\/wp\/v2\/product_tag?post=56198"}],"curies":[{"name":"wp","href":"https:\/\/api.w.org\/{rel}","templated":true}]}}