{"id":56291,"date":"2026-01-21T10:17:00","date_gmt":"2026-01-21T09:17:00","guid":{"rendered":"https:\/\/villumsenloppefund.dk\/?post_type=product&#038;p=56291"},"modified":"2026-01-21T10:20:36","modified_gmt":"2026-01-21T09:20:36","slug":"holmegaard-skaal-i-blaat-glas","status":"publish","type":"product","link":"https:\/\/villumsenloppefund.dk\/index.php\/product\/holmegaard-skaal-i-blaat-glas\/","title":{"rendered":"Holmegaard sk\u00e5l i bl\u00e5t glas"},"content":{"rendered":"<p>Holmegaard sk\u00e5l i bl\u00e5t glas.<\/p>\n<p>H 6 cm, B 13 cm, D 10 cm.<\/p>\n<p>Flot og velholdt, g\u00e5 til varen, for flere billeder.<\/p>\n<p>(Reol 6).<\/p>\n","protected":false},"excerpt":{"rendered":"<p>Holmegaard sk\u00e5l i bl\u00e5t glas. H 6 cm, B 13 cm, D 10 cm. Flot og velholdt, g\u00e5 til varen, for flere billeder. (Reol 6).<\/p>\n","protected":false},"featured_media":56233,"template":"","meta":[],"product_brand":[],"product_cat":[144,136],"product_tag":[],"class_list":{"0":"post-56291","1":"product","2":"type-product","3":"status-publish","4":"has-post-thumbnail","6":"product_cat-skaale-skaale","7":"product_cat-skaale","8":"product_shipping_class-mellem-pakke","10":"first","11":"instock","12":"sold-individually","13":"taxable","14":"shipping-taxable","15":"purchasable","16":"product-type-simple"},"_links":{"self":[{"href":"https:\/\/villumsenloppefund.dk\/index.php\/wp-json\/wp\/v2\/product\/56291","targetHints":{"allow":["GET"]}}],"collection":[{"href":"https:\/\/villumsenloppefund.dk\/index.php\/wp-json\/wp\/v2\/product"}],"about":[{"href":"https:\/\/villumsenloppefund.dk\/index.php\/wp-json\/wp\/v2\/types\/product"}],"wp:featuredmedia":[{"embeddable":true,"href":"https:\/\/villumsenloppefund.dk\/index.php\/wp-json\/wp\/v2\/media\/56233"}],"wp:attachment":[{"href":"https:\/\/villumsenloppefund.dk\/index.php\/wp-json\/wp\/v2\/media?parent=56291"}],"wp:term":[{"taxonomy":"product_brand","embeddable":true,"href":"https:\/\/villumsenloppefund.dk\/index.php\/wp-json\/wp\/v2\/product_brand?post=56291"},{"taxonomy":"product_cat","embeddable":true,"href":"https:\/\/villumsenloppefund.dk\/index.php\/wp-json\/wp\/v2\/product_cat?post=56291"},{"taxonomy":"product_tag","embeddable":true,"href":"https:\/\/villumsenloppefund.dk\/index.php\/wp-json\/wp\/v2\/product_tag?post=56291"}],"curies":[{"name":"wp","href":"https:\/\/api.w.org\/{rel}","templated":true}]}}