{"id":57984,"date":"2026-02-16T10:52:46","date_gmt":"2026-02-16T09:52:46","guid":{"rendered":"https:\/\/villumsenloppefund.dk\/?post_type=product&#038;p=57984"},"modified":"2026-02-16T10:52:46","modified_gmt":"2026-02-16T09:52:46","slug":"6-stk-retro-vandglas-med-guldkant","status":"publish","type":"product","link":"https:\/\/villumsenloppefund.dk\/index.php\/product\/6-stk-retro-vandglas-med-guldkant\/","title":{"rendered":"6 stk retro vandglas med guldkant"},"content":{"rendered":"<p>6 stk retro vandglas med guldkant.<\/p>\n<p>H 10 cm, Dia 7 cm.<\/p>\n<p>Alle har slid p\u00e5 guldkant, men ingen sk\u00e5r eller revner. S\u00e6lges samlet, g\u00e5 til varen, for flere billeder.<\/p>\n<p>(A1).<\/p>\n","protected":false},"excerpt":{"rendered":"<p>6 stk retro vandglas med guldkant. H 10 cm, Dia 7 cm. Alle har slid p\u00e5 guldkant, men ingen sk\u00e5r eller revner. S\u00e6lges samlet, g\u00e5 til varen, for flere billeder. (A1).<\/p>\n","protected":false},"featured_media":57838,"template":"","meta":[],"product_brand":[],"product_cat":[132,594],"product_tag":[],"class_list":{"0":"post-57984","1":"product","2":"type-product","3":"status-publish","4":"has-post-thumbnail","6":"product_cat-gamle-glas","7":"product_cat-vandglas","8":"product_shipping_class-mellem-pakke","10":"first","11":"instock","12":"sold-individually","13":"taxable","14":"shipping-taxable","15":"purchasable","16":"product-type-simple"},"_links":{"self":[{"href":"https:\/\/villumsenloppefund.dk\/index.php\/wp-json\/wp\/v2\/product\/57984","targetHints":{"allow":["GET"]}}],"collection":[{"href":"https:\/\/villumsenloppefund.dk\/index.php\/wp-json\/wp\/v2\/product"}],"about":[{"href":"https:\/\/villumsenloppefund.dk\/index.php\/wp-json\/wp\/v2\/types\/product"}],"wp:featuredmedia":[{"embeddable":true,"href":"https:\/\/villumsenloppefund.dk\/index.php\/wp-json\/wp\/v2\/media\/57838"}],"wp:attachment":[{"href":"https:\/\/villumsenloppefund.dk\/index.php\/wp-json\/wp\/v2\/media?parent=57984"}],"wp:term":[{"taxonomy":"product_brand","embeddable":true,"href":"https:\/\/villumsenloppefund.dk\/index.php\/wp-json\/wp\/v2\/product_brand?post=57984"},{"taxonomy":"product_cat","embeddable":true,"href":"https:\/\/villumsenloppefund.dk\/index.php\/wp-json\/wp\/v2\/product_cat?post=57984"},{"taxonomy":"product_tag","embeddable":true,"href":"https:\/\/villumsenloppefund.dk\/index.php\/wp-json\/wp\/v2\/product_tag?post=57984"}],"curies":[{"name":"wp","href":"https:\/\/api.w.org\/{rel}","templated":true}]}}