{"id":57985,"date":"2026-02-16T10:57:47","date_gmt":"2026-02-16T09:57:47","guid":{"rendered":"https:\/\/villumsenloppefund.dk\/?post_type=product&#038;p=57985"},"modified":"2026-02-16T10:57:47","modified_gmt":"2026-02-16T09:57:47","slug":"holmegaard-vinglas-ulla","status":"publish","type":"product","link":"https:\/\/villumsenloppefund.dk\/index.php\/product\/holmegaard-vinglas-ulla\/","title":{"rendered":"Holmegaard vinglas, Ulla"},"content":{"rendered":"<p>Holmegaard vinglas, Ulla med gr\u00f8n kumme.<\/p>\n<p>H 14,5 cm, Dia 7 cm.<\/p>\n<p>Har 11 stk p\u00e5 lager, alle velholdte. Prisen er stykket. G\u00e5 til varen, for flere billeder.<\/p>\n<p>(A1).<\/p>\n","protected":false},"excerpt":{"rendered":"<p>Holmegaard vinglas, Ulla med gr\u00f8n kumme. H 14,5 cm, Dia 7 cm. Har 11 stk p\u00e5 lager, alle velholdte. Prisen er stykket. G\u00e5 til varen, for flere billeder. (A1).<\/p>\n","protected":false},"featured_media":57843,"template":"","meta":[],"product_brand":[],"product_cat":[132,696],"product_tag":[],"class_list":{"0":"post-57985","1":"product","2":"type-product","3":"status-publish","4":"has-post-thumbnail","6":"product_cat-gamle-glas","7":"product_cat-ulla","8":"product_shipping_class-mellem-pakke","10":"first","11":"instock","12":"taxable","13":"shipping-taxable","14":"purchasable","15":"product-type-simple"},"_links":{"self":[{"href":"https:\/\/villumsenloppefund.dk\/index.php\/wp-json\/wp\/v2\/product\/57985","targetHints":{"allow":["GET"]}}],"collection":[{"href":"https:\/\/villumsenloppefund.dk\/index.php\/wp-json\/wp\/v2\/product"}],"about":[{"href":"https:\/\/villumsenloppefund.dk\/index.php\/wp-json\/wp\/v2\/types\/product"}],"wp:featuredmedia":[{"embeddable":true,"href":"https:\/\/villumsenloppefund.dk\/index.php\/wp-json\/wp\/v2\/media\/57843"}],"wp:attachment":[{"href":"https:\/\/villumsenloppefund.dk\/index.php\/wp-json\/wp\/v2\/media?parent=57985"}],"wp:term":[{"taxonomy":"product_brand","embeddable":true,"href":"https:\/\/villumsenloppefund.dk\/index.php\/wp-json\/wp\/v2\/product_brand?post=57985"},{"taxonomy":"product_cat","embeddable":true,"href":"https:\/\/villumsenloppefund.dk\/index.php\/wp-json\/wp\/v2\/product_cat?post=57985"},{"taxonomy":"product_tag","embeddable":true,"href":"https:\/\/villumsenloppefund.dk\/index.php\/wp-json\/wp\/v2\/product_tag?post=57985"}],"curies":[{"name":"wp","href":"https:\/\/api.w.org\/{rel}","templated":true}]}}