{"id":58012,"date":"2026-02-16T12:13:16","date_gmt":"2026-02-16T11:13:16","guid":{"rendered":"https:\/\/villumsenloppefund.dk\/?post_type=product&#038;p=58012"},"modified":"2026-02-16T12:13:16","modified_gmt":"2026-02-16T11:13:16","slug":"skaal-i-keramik-5","status":"publish","type":"product","link":"https:\/\/villumsenloppefund.dk\/index.php\/product\/skaal-i-keramik-5\/","title":{"rendered":"Sk\u00e5l i keramik"},"content":{"rendered":"<p>Sk\u00e5l i keramik.<\/p>\n<p>H 10 cm, Dia 26,5 cm.<\/p>\n<p>Har sk\u00e5r i bund, g\u00e5 til varen, for flere billeder.<\/p>\n<p>(A1).<\/p>\n","protected":false},"excerpt":{"rendered":"<p>Sk\u00e5l i keramik. H 10 cm, Dia 26,5 cm. Har sk\u00e5r i bund, g\u00e5 til varen, for flere billeder. (A1).<\/p>\n","protected":false},"featured_media":57924,"template":"","meta":[],"product_brand":[],"product_cat":[144,136],"product_tag":[],"class_list":{"0":"post-58012","1":"product","2":"type-product","3":"status-publish","4":"has-post-thumbnail","6":"product_cat-skaale-skaale","7":"product_cat-skaale","8":"product_shipping_class-mellem-pakke","10":"first","11":"instock","12":"sold-individually","13":"taxable","14":"shipping-taxable","15":"purchasable","16":"product-type-simple"},"_links":{"self":[{"href":"https:\/\/villumsenloppefund.dk\/index.php\/wp-json\/wp\/v2\/product\/58012","targetHints":{"allow":["GET"]}}],"collection":[{"href":"https:\/\/villumsenloppefund.dk\/index.php\/wp-json\/wp\/v2\/product"}],"about":[{"href":"https:\/\/villumsenloppefund.dk\/index.php\/wp-json\/wp\/v2\/types\/product"}],"wp:featuredmedia":[{"embeddable":true,"href":"https:\/\/villumsenloppefund.dk\/index.php\/wp-json\/wp\/v2\/media\/57924"}],"wp:attachment":[{"href":"https:\/\/villumsenloppefund.dk\/index.php\/wp-json\/wp\/v2\/media?parent=58012"}],"wp:term":[{"taxonomy":"product_brand","embeddable":true,"href":"https:\/\/villumsenloppefund.dk\/index.php\/wp-json\/wp\/v2\/product_brand?post=58012"},{"taxonomy":"product_cat","embeddable":true,"href":"https:\/\/villumsenloppefund.dk\/index.php\/wp-json\/wp\/v2\/product_cat?post=58012"},{"taxonomy":"product_tag","embeddable":true,"href":"https:\/\/villumsenloppefund.dk\/index.php\/wp-json\/wp\/v2\/product_tag?post=58012"}],"curies":[{"name":"wp","href":"https:\/\/api.w.org\/{rel}","templated":true}]}}