{"id":58221,"date":"2026-02-16T15:53:07","date_gmt":"2026-02-16T14:53:07","guid":{"rendered":"https:\/\/villumsenloppefund.dk\/?post_type=product&#038;p=58221"},"modified":"2026-02-16T15:53:07","modified_gmt":"2026-02-16T14:53:07","slug":"sukkerskaal-i-hvid-porcelaen-med-guldkant","status":"publish","type":"product","link":"https:\/\/villumsenloppefund.dk\/index.php\/product\/sukkerskaal-i-hvid-porcelaen-med-guldkant\/","title":{"rendered":"Sukkersk\u00e5l i hvid porcel\u00e6n med guldkant"},"content":{"rendered":"<p>Sukkersk\u00e5l i hvid porcel\u00e6n med guldkant.<\/p>\n<p>H 13 cm, B 14 cm.<\/p>\n<p>Har skrab p\u00e5 guldkant, g\u00e5 til varen, for flere billeder.<\/p>\n<p>(A5).<\/p>\n","protected":false},"excerpt":{"rendered":"<p>Sukkersk\u00e5l i hvid porcel\u00e6n med guldkant. H 13 cm, B 14 cm. Har skrab p\u00e5 guldkant, g\u00e5 til varen, for flere billeder. (A5).<\/p>\n","protected":false},"featured_media":58171,"template":"","meta":[],"product_brand":[],"product_cat":[133,649],"product_tag":[],"class_list":{"0":"post-58221","1":"product","2":"type-product","3":"status-publish","4":"has-post-thumbnail","6":"product_cat-bestik","7":"product_cat-sukkerskaale","8":"product_shipping_class-mellem-pakke","10":"first","11":"instock","12":"sold-individually","13":"taxable","14":"shipping-taxable","15":"purchasable","16":"product-type-simple"},"_links":{"self":[{"href":"https:\/\/villumsenloppefund.dk\/index.php\/wp-json\/wp\/v2\/product\/58221","targetHints":{"allow":["GET"]}}],"collection":[{"href":"https:\/\/villumsenloppefund.dk\/index.php\/wp-json\/wp\/v2\/product"}],"about":[{"href":"https:\/\/villumsenloppefund.dk\/index.php\/wp-json\/wp\/v2\/types\/product"}],"wp:featuredmedia":[{"embeddable":true,"href":"https:\/\/villumsenloppefund.dk\/index.php\/wp-json\/wp\/v2\/media\/58171"}],"wp:attachment":[{"href":"https:\/\/villumsenloppefund.dk\/index.php\/wp-json\/wp\/v2\/media?parent=58221"}],"wp:term":[{"taxonomy":"product_brand","embeddable":true,"href":"https:\/\/villumsenloppefund.dk\/index.php\/wp-json\/wp\/v2\/product_brand?post=58221"},{"taxonomy":"product_cat","embeddable":true,"href":"https:\/\/villumsenloppefund.dk\/index.php\/wp-json\/wp\/v2\/product_cat?post=58221"},{"taxonomy":"product_tag","embeddable":true,"href":"https:\/\/villumsenloppefund.dk\/index.php\/wp-json\/wp\/v2\/product_tag?post=58221"}],"curies":[{"name":"wp","href":"https:\/\/api.w.org\/{rel}","templated":true}]}}