{"id":58691,"date":"2026-02-18T12:30:17","date_gmt":"2026-02-18T11:30:17","guid":{"rendered":"https:\/\/villumsenloppefund.dk\/?post_type=product&#038;p=58691"},"modified":"2026-02-18T12:30:17","modified_gmt":"2026-02-18T11:30:17","slug":"blaa-vintage-kande-i-tykt-glas","status":"publish","type":"product","link":"https:\/\/villumsenloppefund.dk\/index.php\/product\/blaa-vintage-kande-i-tykt-glas\/","title":{"rendered":"Bl\u00e5 vintage kande i tykt glas"},"content":{"rendered":"<p>Bl\u00e5 vintage kande i tykt glas.<\/p>\n<p>H 8 cm, B 10 cm, D 7 cm.<\/p>\n<p>Flot og velholdt, uden sk\u00e5r eller revner. G\u00e5 til varen, for flere billeder.<\/p>\n<p>(A4).<\/p>\n","protected":false},"excerpt":{"rendered":"<p>Bl\u00e5 vintage kande i tykt glas. H 8 cm, B 10 cm, D 7 cm. Flot og velholdt, uden sk\u00e5r eller revner. G\u00e5 til varen, for flere billeder. (A4).<\/p>\n","protected":false},"featured_media":58556,"template":"","meta":[],"product_brand":[],"product_cat":[538,637,133],"product_tag":[],"class_list":{"0":"post-58691","1":"product","2":"type-product","3":"status-publish","4":"has-post-thumbnail","6":"product_cat-floedekander","7":"product_cat-kander","8":"product_cat-bestik","9":"product_shipping_class-mellem-pakke","11":"first","12":"instock","13":"sold-individually","14":"taxable","15":"shipping-taxable","16":"purchasable","17":"product-type-simple"},"_links":{"self":[{"href":"https:\/\/villumsenloppefund.dk\/index.php\/wp-json\/wp\/v2\/product\/58691","targetHints":{"allow":["GET"]}}],"collection":[{"href":"https:\/\/villumsenloppefund.dk\/index.php\/wp-json\/wp\/v2\/product"}],"about":[{"href":"https:\/\/villumsenloppefund.dk\/index.php\/wp-json\/wp\/v2\/types\/product"}],"wp:featuredmedia":[{"embeddable":true,"href":"https:\/\/villumsenloppefund.dk\/index.php\/wp-json\/wp\/v2\/media\/58556"}],"wp:attachment":[{"href":"https:\/\/villumsenloppefund.dk\/index.php\/wp-json\/wp\/v2\/media?parent=58691"}],"wp:term":[{"taxonomy":"product_brand","embeddable":true,"href":"https:\/\/villumsenloppefund.dk\/index.php\/wp-json\/wp\/v2\/product_brand?post=58691"},{"taxonomy":"product_cat","embeddable":true,"href":"https:\/\/villumsenloppefund.dk\/index.php\/wp-json\/wp\/v2\/product_cat?post=58691"},{"taxonomy":"product_tag","embeddable":true,"href":"https:\/\/villumsenloppefund.dk\/index.php\/wp-json\/wp\/v2\/product_tag?post=58691"}],"curies":[{"name":"wp","href":"https:\/\/api.w.org\/{rel}","templated":true}]}}