{"id":587,"date":"2023-06-21T16:31:19","date_gmt":"2023-06-21T14:31:19","guid":{"rendered":"https:\/\/villumsenloppefund.dk\/?post_type=product&#038;p=587"},"modified":"2023-12-05T16:42:58","modified_gmt":"2023-12-05T15:42:58","slug":"faerge-og-ramper-fra-50erne","status":"publish","type":"product","link":"https:\/\/villumsenloppefund.dk\/index.php\/product\/faerge-og-ramper-fra-50erne\/","title":{"rendered":"F\u00e6rge og ramper fra 50&#8217;erne"},"content":{"rendered":"","protected":false},"excerpt":{"rendered":"<p>Gammel f\u00e6rge p\u00e5 hjul i tr\u00e6, samt to tilh\u00f8rende ramper. Original maling, samt hjulene k\u00f8rer godt.<\/p>\n<p>F\u00e6rge: H 35 cm, B 58 cm, D 20 cm.<\/p>\n<p>Rampe: H 11 cm, B 45 cm, D 24 cm.<\/p>\n<p>S\u00e6lges samlet.<\/p>\n","protected":false},"featured_media":588,"template":"","meta":[],"product_brand":[],"product_cat":[178,224],"product_tag":[],"class_list":{"0":"post-587","1":"product","2":"type-product","3":"status-publish","4":"has-post-thumbnail","6":"product_cat-legetoej","7":"product_cat-traelegetoej","8":"product_shipping_class-mellem-pakke","10":"first","11":"instock","12":"sold-individually","13":"taxable","14":"shipping-taxable","15":"purchasable","16":"product-type-simple"},"_links":{"self":[{"href":"https:\/\/villumsenloppefund.dk\/index.php\/wp-json\/wp\/v2\/product\/587","targetHints":{"allow":["GET"]}}],"collection":[{"href":"https:\/\/villumsenloppefund.dk\/index.php\/wp-json\/wp\/v2\/product"}],"about":[{"href":"https:\/\/villumsenloppefund.dk\/index.php\/wp-json\/wp\/v2\/types\/product"}],"wp:featuredmedia":[{"embeddable":true,"href":"https:\/\/villumsenloppefund.dk\/index.php\/wp-json\/wp\/v2\/media\/588"}],"wp:attachment":[{"href":"https:\/\/villumsenloppefund.dk\/index.php\/wp-json\/wp\/v2\/media?parent=587"}],"wp:term":[{"taxonomy":"product_brand","embeddable":true,"href":"https:\/\/villumsenloppefund.dk\/index.php\/wp-json\/wp\/v2\/product_brand?post=587"},{"taxonomy":"product_cat","embeddable":true,"href":"https:\/\/villumsenloppefund.dk\/index.php\/wp-json\/wp\/v2\/product_cat?post=587"},{"taxonomy":"product_tag","embeddable":true,"href":"https:\/\/villumsenloppefund.dk\/index.php\/wp-json\/wp\/v2\/product_tag?post=587"}],"curies":[{"name":"wp","href":"https:\/\/api.w.org\/{rel}","templated":true}]}}