{"id":6095,"date":"2023-12-13T18:18:44","date_gmt":"2023-12-13T17:18:44","guid":{"rendered":"https:\/\/villumsenloppefund.dk\/?post_type=product&#038;p=6095"},"modified":"2023-12-13T18:18:45","modified_gmt":"2023-12-13T17:18:45","slug":"moerkeblaa-saltboesse-royal-copenhagen","status":"publish","type":"product","link":"https:\/\/villumsenloppefund.dk\/index.php\/product\/moerkeblaa-saltboesse-royal-copenhagen\/","title":{"rendered":"M\u00f8rkebl\u00e5 saltb\u00f8sse, Royal Copenhagen"},"content":{"rendered":"<p>M\u00f8rkebl\u00e5 saltb\u00f8sse, Royal Copenhagen.<br \/>\nH 6,5 cm.<\/p>\n","protected":false},"excerpt":{"rendered":"<p>M\u00f8rkebl\u00e5 saltb\u00f8sse, Royal Copenhagen. H 6,5 cm.<\/p>\n","protected":false},"featured_media":5981,"template":"","meta":[],"product_brand":[],"product_cat":[294,157],"product_tag":[],"class_list":{"0":"post-6095","1":"product","2":"type-product","3":"status-publish","4":"has-post-thumbnail","6":"product_cat-diverse-tallerkenstel","7":"product_cat-tallerkenstel","8":"product_shipping_class-mellem-pakke","10":"first","11":"instock","12":"sold-individually","13":"taxable","14":"shipping-taxable","15":"purchasable","16":"product-type-simple"},"_links":{"self":[{"href":"https:\/\/villumsenloppefund.dk\/index.php\/wp-json\/wp\/v2\/product\/6095","targetHints":{"allow":["GET"]}}],"collection":[{"href":"https:\/\/villumsenloppefund.dk\/index.php\/wp-json\/wp\/v2\/product"}],"about":[{"href":"https:\/\/villumsenloppefund.dk\/index.php\/wp-json\/wp\/v2\/types\/product"}],"wp:featuredmedia":[{"embeddable":true,"href":"https:\/\/villumsenloppefund.dk\/index.php\/wp-json\/wp\/v2\/media\/5981"}],"wp:attachment":[{"href":"https:\/\/villumsenloppefund.dk\/index.php\/wp-json\/wp\/v2\/media?parent=6095"}],"wp:term":[{"taxonomy":"product_brand","embeddable":true,"href":"https:\/\/villumsenloppefund.dk\/index.php\/wp-json\/wp\/v2\/product_brand?post=6095"},{"taxonomy":"product_cat","embeddable":true,"href":"https:\/\/villumsenloppefund.dk\/index.php\/wp-json\/wp\/v2\/product_cat?post=6095"},{"taxonomy":"product_tag","embeddable":true,"href":"https:\/\/villumsenloppefund.dk\/index.php\/wp-json\/wp\/v2\/product_tag?post=6095"}],"curies":[{"name":"wp","href":"https:\/\/api.w.org\/{rel}","templated":true}]}}