{"id":61938,"date":"2026-04-10T09:20:36","date_gmt":"2026-04-10T07:20:36","guid":{"rendered":"https:\/\/villumsenloppefund.dk\/?post_type=product&#038;p=61938"},"modified":"2026-04-10T09:20:36","modified_gmt":"2026-04-10T07:20:36","slug":"6-stk-smaa-askebaegre-2","status":"publish","type":"product","link":"https:\/\/villumsenloppefund.dk\/index.php\/product\/6-stk-smaa-askebaegre-2\/","title":{"rendered":"6 stk sm\u00e5 askeb\u00e6gre"},"content":{"rendered":"<p>6 stk sm\u00e5 askeb\u00e6gre.<\/p>\n<p>Dia 8 cm.<\/p>\n<p>S\u00e6lges samlet, g\u00e5 til varen, for flere billeder.<\/p>\n<p>(A10).<\/p>\n","protected":false},"excerpt":{"rendered":"<p>6 stk sm\u00e5 askeb\u00e6gre. Dia 8 cm. S\u00e6lges samlet, g\u00e5 til varen, for flere billeder. (A10).<\/p>\n","protected":false},"featured_media":61821,"template":"","meta":[],"product_brand":[],"product_cat":[438,124],"product_tag":[],"class_list":{"0":"post-61938","1":"product","2":"type-product","3":"status-publish","4":"has-post-thumbnail","6":"product_cat-askebaeger","7":"product_cat-nips-ting","8":"product_shipping_class-mellem-pakke","10":"first","11":"instock","12":"sold-individually","13":"taxable","14":"shipping-taxable","15":"purchasable","16":"product-type-simple"},"_links":{"self":[{"href":"https:\/\/villumsenloppefund.dk\/index.php\/wp-json\/wp\/v2\/product\/61938","targetHints":{"allow":["GET"]}}],"collection":[{"href":"https:\/\/villumsenloppefund.dk\/index.php\/wp-json\/wp\/v2\/product"}],"about":[{"href":"https:\/\/villumsenloppefund.dk\/index.php\/wp-json\/wp\/v2\/types\/product"}],"wp:featuredmedia":[{"embeddable":true,"href":"https:\/\/villumsenloppefund.dk\/index.php\/wp-json\/wp\/v2\/media\/61821"}],"wp:attachment":[{"href":"https:\/\/villumsenloppefund.dk\/index.php\/wp-json\/wp\/v2\/media?parent=61938"}],"wp:term":[{"taxonomy":"product_brand","embeddable":true,"href":"https:\/\/villumsenloppefund.dk\/index.php\/wp-json\/wp\/v2\/product_brand?post=61938"},{"taxonomy":"product_cat","embeddable":true,"href":"https:\/\/villumsenloppefund.dk\/index.php\/wp-json\/wp\/v2\/product_cat?post=61938"},{"taxonomy":"product_tag","embeddable":true,"href":"https:\/\/villumsenloppefund.dk\/index.php\/wp-json\/wp\/v2\/product_tag?post=61938"}],"curies":[{"name":"wp","href":"https:\/\/api.w.org\/{rel}","templated":true}]}}