{"id":649,"date":"2023-06-21T17:33:07","date_gmt":"2023-06-21T15:33:07","guid":{"rendered":"https:\/\/villumsenloppefund.dk\/?post_type=product&#038;p=649"},"modified":"2023-12-05T16:42:57","modified_gmt":"2023-12-05T15:42:57","slug":"legetoejstog-fra-hanse-legetoej","status":"publish","type":"product","link":"https:\/\/villumsenloppefund.dk\/index.php\/product\/legetoejstog-fra-hanse-legetoej\/","title":{"rendered":"Leget\u00f8jstog fra Hanse leget\u00f8j"},"content":{"rendered":"","protected":false},"excerpt":{"rendered":"<p>Leget\u00f8jstog i tr\u00e6 fra Hanse leget\u00f8j i original maling.<\/p>\n<p>Se billeder for fejl og mangler.<\/p>\n<p>H 9 cm, B 31 cm, D 6,5 cm.<\/p>\n","protected":false},"featured_media":650,"template":"","meta":[],"product_brand":[],"product_cat":[178,224],"product_tag":[],"class_list":{"0":"post-649","1":"product","2":"type-product","3":"status-publish","4":"has-post-thumbnail","6":"product_cat-legetoej","7":"product_cat-traelegetoej","8":"product_shipping_class-mellem-pakke","10":"first","11":"instock","12":"sold-individually","13":"taxable","14":"shipping-taxable","15":"purchasable","16":"product-type-simple"},"_links":{"self":[{"href":"https:\/\/villumsenloppefund.dk\/index.php\/wp-json\/wp\/v2\/product\/649","targetHints":{"allow":["GET"]}}],"collection":[{"href":"https:\/\/villumsenloppefund.dk\/index.php\/wp-json\/wp\/v2\/product"}],"about":[{"href":"https:\/\/villumsenloppefund.dk\/index.php\/wp-json\/wp\/v2\/types\/product"}],"wp:featuredmedia":[{"embeddable":true,"href":"https:\/\/villumsenloppefund.dk\/index.php\/wp-json\/wp\/v2\/media\/650"}],"wp:attachment":[{"href":"https:\/\/villumsenloppefund.dk\/index.php\/wp-json\/wp\/v2\/media?parent=649"}],"wp:term":[{"taxonomy":"product_brand","embeddable":true,"href":"https:\/\/villumsenloppefund.dk\/index.php\/wp-json\/wp\/v2\/product_brand?post=649"},{"taxonomy":"product_cat","embeddable":true,"href":"https:\/\/villumsenloppefund.dk\/index.php\/wp-json\/wp\/v2\/product_cat?post=649"},{"taxonomy":"product_tag","embeddable":true,"href":"https:\/\/villumsenloppefund.dk\/index.php\/wp-json\/wp\/v2\/product_tag?post=649"}],"curies":[{"name":"wp","href":"https:\/\/api.w.org\/{rel}","templated":true}]}}