{"id":6931,"date":"2024-01-04T17:07:37","date_gmt":"2024-01-04T16:07:37","guid":{"rendered":"https:\/\/villumsenloppefund.dk\/?post_type=product&#038;p=6931"},"modified":"2024-01-04T17:08:41","modified_gmt":"2024-01-04T16:08:41","slug":"blaat-romerglas","status":"publish","type":"product","link":"https:\/\/villumsenloppefund.dk\/index.php\/product\/blaat-romerglas\/","title":{"rendered":"Bl\u00e5t R\u00f6merglas"},"content":{"rendered":"<p>Bl\u00e5t R\u00f6merglas.<br \/>\nH 14 cm.<\/p>\n","protected":false},"excerpt":{"rendered":"<p>Bl\u00e5t R\u00f6merglas. H 14 cm.<\/p>\n","protected":false},"featured_media":6527,"template":"","meta":[],"product_brand":[],"product_cat":[132,312],"product_tag":[],"class_list":{"0":"post-6931","1":"product","2":"type-product","3":"status-publish","4":"has-post-thumbnail","6":"product_cat-gamle-glas","7":"product_cat-romer-glas","8":"product_shipping_class-mellem-pakke","10":"first","11":"instock","12":"sold-individually","13":"taxable","14":"shipping-taxable","15":"purchasable","16":"product-type-simple"},"_links":{"self":[{"href":"https:\/\/villumsenloppefund.dk\/index.php\/wp-json\/wp\/v2\/product\/6931","targetHints":{"allow":["GET"]}}],"collection":[{"href":"https:\/\/villumsenloppefund.dk\/index.php\/wp-json\/wp\/v2\/product"}],"about":[{"href":"https:\/\/villumsenloppefund.dk\/index.php\/wp-json\/wp\/v2\/types\/product"}],"wp:featuredmedia":[{"embeddable":true,"href":"https:\/\/villumsenloppefund.dk\/index.php\/wp-json\/wp\/v2\/media\/6527"}],"wp:attachment":[{"href":"https:\/\/villumsenloppefund.dk\/index.php\/wp-json\/wp\/v2\/media?parent=6931"}],"wp:term":[{"taxonomy":"product_brand","embeddable":true,"href":"https:\/\/villumsenloppefund.dk\/index.php\/wp-json\/wp\/v2\/product_brand?post=6931"},{"taxonomy":"product_cat","embeddable":true,"href":"https:\/\/villumsenloppefund.dk\/index.php\/wp-json\/wp\/v2\/product_cat?post=6931"},{"taxonomy":"product_tag","embeddable":true,"href":"https:\/\/villumsenloppefund.dk\/index.php\/wp-json\/wp\/v2\/product_tag?post=6931"}],"curies":[{"name":"wp","href":"https:\/\/api.w.org\/{rel}","templated":true}]}}