{"id":7826,"date":"2024-01-09T22:25:42","date_gmt":"2024-01-09T21:25:42","guid":{"rendered":"https:\/\/villumsenloppefund.dk\/?post_type=product&#038;p=7826"},"modified":"2024-01-09T22:25:43","modified_gmt":"2024-01-09T21:25:43","slug":"soennen-fra-vingaarden-2","status":"publish","type":"product","link":"https:\/\/villumsenloppefund.dk\/index.php\/product\/soennen-fra-vingaarden-2\/","title":{"rendered":"S\u00f8nnen fra ving\u00e5rden."},"content":{"rendered":"<p>S\u00f8nnen fra ving\u00e5rden.<\/p>\n<p>God stand, ingen ridser.<\/p>\n","protected":false},"excerpt":{"rendered":"<p>S\u00f8nnen fra ving\u00e5rden. God stand, ingen ridser.<\/p>\n","protected":false},"featured_media":7665,"template":"","meta":[],"product_brand":[],"product_cat":[307,305],"product_tag":[],"class_list":{"0":"post-7826","1":"product","2":"type-product","3":"status-publish","4":"has-post-thumbnail","6":"product_cat-danske-film","7":"product_cat-dvd-film","8":"product_shipping_class-mellem-pakke","10":"first","11":"instock","12":"sold-individually","13":"taxable","14":"shipping-taxable","15":"purchasable","16":"product-type-simple"},"_links":{"self":[{"href":"https:\/\/villumsenloppefund.dk\/index.php\/wp-json\/wp\/v2\/product\/7826","targetHints":{"allow":["GET"]}}],"collection":[{"href":"https:\/\/villumsenloppefund.dk\/index.php\/wp-json\/wp\/v2\/product"}],"about":[{"href":"https:\/\/villumsenloppefund.dk\/index.php\/wp-json\/wp\/v2\/types\/product"}],"wp:featuredmedia":[{"embeddable":true,"href":"https:\/\/villumsenloppefund.dk\/index.php\/wp-json\/wp\/v2\/media\/7665"}],"wp:attachment":[{"href":"https:\/\/villumsenloppefund.dk\/index.php\/wp-json\/wp\/v2\/media?parent=7826"}],"wp:term":[{"taxonomy":"product_brand","embeddable":true,"href":"https:\/\/villumsenloppefund.dk\/index.php\/wp-json\/wp\/v2\/product_brand?post=7826"},{"taxonomy":"product_cat","embeddable":true,"href":"https:\/\/villumsenloppefund.dk\/index.php\/wp-json\/wp\/v2\/product_cat?post=7826"},{"taxonomy":"product_tag","embeddable":true,"href":"https:\/\/villumsenloppefund.dk\/index.php\/wp-json\/wp\/v2\/product_tag?post=7826"}],"curies":[{"name":"wp","href":"https:\/\/api.w.org\/{rel}","templated":true}]}}