{"id":8024,"date":"2024-01-10T19:35:56","date_gmt":"2024-01-10T18:35:56","guid":{"rendered":"https:\/\/villumsenloppefund.dk\/?post_type=product&#038;p=8024"},"modified":"2024-01-10T19:44:40","modified_gmt":"2024-01-10T18:44:40","slug":"kaerlighed-paa-film-2","status":"publish","type":"product","link":"https:\/\/villumsenloppefund.dk\/index.php\/product\/kaerlighed-paa-film-2\/","title":{"rendered":"K\u00e6rlighed P\u00e5 Film."},"content":{"rendered":"<p>K\u00e6rlighed p\u00e5 film.<\/p>\n<p>God stand, ingen ridseer.<\/p>\n","protected":false},"excerpt":{"rendered":"<p>K\u00e6rlighed p\u00e5 film. God stand, ingen ridseer.<\/p>\n","protected":false},"featured_media":7891,"template":"","meta":[],"product_brand":[],"product_cat":[307,305],"product_tag":[],"class_list":{"0":"post-8024","1":"product","2":"type-product","3":"status-publish","4":"has-post-thumbnail","6":"product_cat-danske-film","7":"product_cat-dvd-film","8":"product_shipping_class-mellem-pakke","10":"first","11":"instock","12":"sold-individually","13":"taxable","14":"shipping-taxable","15":"purchasable","16":"product-type-simple"},"_links":{"self":[{"href":"https:\/\/villumsenloppefund.dk\/index.php\/wp-json\/wp\/v2\/product\/8024","targetHints":{"allow":["GET"]}}],"collection":[{"href":"https:\/\/villumsenloppefund.dk\/index.php\/wp-json\/wp\/v2\/product"}],"about":[{"href":"https:\/\/villumsenloppefund.dk\/index.php\/wp-json\/wp\/v2\/types\/product"}],"wp:featuredmedia":[{"embeddable":true,"href":"https:\/\/villumsenloppefund.dk\/index.php\/wp-json\/wp\/v2\/media\/7891"}],"wp:attachment":[{"href":"https:\/\/villumsenloppefund.dk\/index.php\/wp-json\/wp\/v2\/media?parent=8024"}],"wp:term":[{"taxonomy":"product_brand","embeddable":true,"href":"https:\/\/villumsenloppefund.dk\/index.php\/wp-json\/wp\/v2\/product_brand?post=8024"},{"taxonomy":"product_cat","embeddable":true,"href":"https:\/\/villumsenloppefund.dk\/index.php\/wp-json\/wp\/v2\/product_cat?post=8024"},{"taxonomy":"product_tag","embeddable":true,"href":"https:\/\/villumsenloppefund.dk\/index.php\/wp-json\/wp\/v2\/product_tag?post=8024"}],"curies":[{"name":"wp","href":"https:\/\/api.w.org\/{rel}","templated":true}]}}