{"id":952,"date":"2023-06-23T12:34:35","date_gmt":"2023-06-23T10:34:35","guid":{"rendered":"https:\/\/villumsenloppefund.dk\/?post_type=product&#038;p=952"},"modified":"2023-12-05T16:42:30","modified_gmt":"2023-12-05T15:42:30","slug":"groenlandsk-mand","status":"publish","type":"product","link":"https:\/\/villumsenloppefund.dk\/index.php\/product\/groenlandsk-mand\/","title":{"rendered":"Gr\u00f8nlandsk mand"},"content":{"rendered":"","protected":false},"excerpt":{"rendered":"<p>St\u00e5ende gr\u00f8nlandsk mand.<\/p>\n<p>1. sortering.<\/p>\n<p>H 8 cm, B 6 cm.<\/p>\n<p>Nr 2411.<\/p>\n<p>Uden sk\u00e5r, revner eller lignende.<\/p>\n","protected":false},"featured_media":956,"template":"","meta":[],"product_brand":[],"product_cat":[176,173],"product_tag":[],"class_list":{"0":"post-952","1":"product","2":"type-product","3":"status-publish","4":"has-post-thumbnail","6":"product_cat-bing-groendahl","7":"product_cat-figurer","8":"product_shipping_class-mellem-pakke","10":"first","11":"instock","12":"sold-individually","13":"taxable","14":"shipping-taxable","15":"purchasable","16":"product-type-simple"},"_links":{"self":[{"href":"https:\/\/villumsenloppefund.dk\/index.php\/wp-json\/wp\/v2\/product\/952","targetHints":{"allow":["GET"]}}],"collection":[{"href":"https:\/\/villumsenloppefund.dk\/index.php\/wp-json\/wp\/v2\/product"}],"about":[{"href":"https:\/\/villumsenloppefund.dk\/index.php\/wp-json\/wp\/v2\/types\/product"}],"wp:featuredmedia":[{"embeddable":true,"href":"https:\/\/villumsenloppefund.dk\/index.php\/wp-json\/wp\/v2\/media\/956"}],"wp:attachment":[{"href":"https:\/\/villumsenloppefund.dk\/index.php\/wp-json\/wp\/v2\/media?parent=952"}],"wp:term":[{"taxonomy":"product_brand","embeddable":true,"href":"https:\/\/villumsenloppefund.dk\/index.php\/wp-json\/wp\/v2\/product_brand?post=952"},{"taxonomy":"product_cat","embeddable":true,"href":"https:\/\/villumsenloppefund.dk\/index.php\/wp-json\/wp\/v2\/product_cat?post=952"},{"taxonomy":"product_tag","embeddable":true,"href":"https:\/\/villumsenloppefund.dk\/index.php\/wp-json\/wp\/v2\/product_tag?post=952"}],"curies":[{"name":"wp","href":"https:\/\/api.w.org\/{rel}","templated":true}]}}